{"id":60,"date":"2025-10-17T07:41:36","date_gmt":"2025-10-17T07:41:36","guid":{"rendered":"https:\/\/www.accesolibreedu.mx\/?page_id=60"},"modified":"2026-03-31T21:41:57","modified_gmt":"2026-03-31T21:41:57","slug":"60-2","status":"publish","type":"page","link":"https:\/\/www.accesolibreedu.mx\/","title":{"rendered":"PAGINA DE INICIO"},"content":{"rendered":"\n<p><\/p>\n\n\n\n<p class=\"has-ast-global-color-8-color has-text-color has-link-color wp-elements-1929cc4312d989f1ca502233a8161011\">La educaci\u00f3n para adultos en M\u00e9xico&nbsp;se enfoca en atender el rezago educativo de personas mayores de 15 a\u00f1os que no han concluido la primaria o secundaria, a trav\u00e9s de programas como el Modelo Educaci\u00f3n para la Vida y el Trabajo (MEVyT) del Instituto Nacional para la Educaci\u00f3n de los Adultos (INEA).&nbsp;El INEA ofrece servicios gratuitos de alfabetizaci\u00f3n, primaria y secundaria, incluyendo opciones flexibles como la modalidad digital&nbsp;<a href=\"https:\/\/www.google.com\/search?sca_esv=602bc0460517bd79&amp;sxsrf=AE3TifNJ-qk-Adnd0x4VOrCypewmn4S_TQ%3A1760724218307&amp;q=AprendeINEA&amp;sa=X&amp;ved=2ahUKEwi-p9Hs6KuQAxUtHkQIHZuNLuwQxccNegQIJhAB&amp;mstk=AUtExfDw0ed-cIXh1vpJPmWgMxKK7fhZixQ0lpYKBLKRsHAm6YDLrG8wR7nRmEiLuVGHb5uUSUKIxtfftTkpYCf-6TzBunTF14M4KbJVQYOfS057dunEyEEMhvRp2dJiC8j2SMt1IRJOzppU0IAoKaudIxwA7WMfaCNT4UJOssUHJyrXTOczHWDVPQpHxspwz34-7Dy3aGi01gpCvi2v8F2ST8J7CaBDvJQ27f9nWUQ74YjoAn2mIYouzfnw4Lbbuoe5G8GBpBj5rH8obS4juUT902tj&amp;csui=3\">AprendeINEA<\/a>&nbsp;y el&nbsp;<a href=\"https:\/\/www.google.com\/search?sca_esv=602bc0460517bd79&amp;sxsrf=AE3TifNJ-qk-Adnd0x4VOrCypewmn4S_TQ%3A1760724218307&amp;q=Programa+Especial+de+Certificaci%C3%B3n&amp;sa=X&amp;ved=2ahUKEwi-p9Hs6KuQAxUtHkQIHZuNLuwQxccNegQIJhAC&amp;mstk=AUtExfDw0ed-cIXh1vpJPmWgMxKK7fhZixQ0lpYKBLKRsHAm6YDLrG8wR7nRmEiLuVGHb5uUSUKIxtfftTkpYCf-6TzBunTF14M4KbJVQYOfS057dunEyEEMhvRp2dJiC8j2SMt1IRJOzppU0IAoKaudIxwA7WMfaCNT4UJOssUHJyrXTOczHWDVPQpHxspwz34-7Dy3aGi01gpCvi2v8F2ST8J7CaBDvJQ27f9nWUQ74YjoAn2mIYouzfnw4Lbbuoe5G8GBpBj5rH8obS4juUT902tj&amp;csui=3\">Programa Especial de Certificaci\u00f3n<\/a>&nbsp;para validar conocimientos adquiridos por experiencia.&nbsp;<\/p>\n\n\n\n<p class=\"has-ast-global-color-8-color has-text-color has-link-color wp-elements-1eab1090c4be2ac9e22955a3a014c8e9\">Principales instituciones y programas<\/p>\n\n\n\n<ul class=\"wp-block-list\">\n<li class=\"has-ast-global-color-8-color has-text-color has-link-color wp-elements-3af45254f3808676caaae08e1e630681\"><strong>Instituto Nacional para la Educaci\u00f3n de los Adultos (INEA):<\/strong>&nbsp;Es la instituci\u00f3n principal del pa\u00eds, encargada de atender, organizar y coordinar los servicios de educaci\u00f3n para adultos a nivel nacional.&nbsp;<\/li>\n\n\n\n<li class=\"has-ast-global-color-8-color has-text-color has-link-color wp-elements-0209d036fa027e232545859446b88a3e\"><strong>Modelo Educaci\u00f3n para la Vida y el Trabajo (MEVyT):<\/strong>&nbsp;Es el modelo educativo del INEA para personas de 15 a\u00f1os o m\u00e1s que buscan alfabetizarse o concluir la primaria y secundaria.&nbsp;<\/li>\n\n\n\n<li class=\"has-ast-global-color-8-color has-text-color has-link-color wp-elements-0f1120483876633eb434621da69d7a06\"><strong>AprendeINEA:<\/strong>&nbsp;Es la plataforma en l\u00ednea del INEA que permite estudiar desde cualquier lugar y obtener el certificado de primaria o secundaria.&nbsp;<\/li>\n\n\n\n<li class=\"has-ast-global-color-8-color has-text-color has-link-color wp-elements-e83b5c2db26cfd0b979e759d5bf7aae1\"><strong>Programa Especial de Certificaci\u00f3n:<\/strong>&nbsp;Un programa que valida y certifica los conocimientos adquiridos por experiencia laboral o de manera autodidacta.&nbsp;<\/li>\n\n\n\n<li class=\"has-ast-global-color-8-color has-text-color has-link-color wp-elements-b2ce8ce1c128d8e54459b6fc5a1f718d\"><strong>Institutos Estatales de Educaci\u00f3n para Adultos (IEEA):<\/strong>&nbsp;Delegaciones del INEA que operan en los estados para ofrecer los servicios educativos.&nbsp;<\/li>\n<\/ul>\n\n\n\n<p class=\"has-ast-global-color-8-color has-text-color has-link-color wp-elements-39ef71f4b84fc37f9c0541e7fb13ded0\">Tipos de servicios<\/p>\n\n\n\n<ul class=\"wp-block-list\">\n<li class=\"has-ast-global-color-8-color has-text-color has-link-color wp-elements-dc9aefe9adcdaac8b64314ad22fbc532\"><strong>Alfabetizaci\u00f3n:<\/strong>&nbsp;Para personas que no saben leer ni escribir.&nbsp;<\/li>\n\n\n\n<li class=\"has-ast-global-color-8-color has-text-color has-link-color wp-elements-df135164d69ad819c8148291327c12b3\"><strong>Primaria y secundaria:<\/strong>&nbsp;Programas para concluir los estudios b\u00e1sicos.&nbsp;<\/li>\n\n\n\n<li class=\"has-ast-global-color-8-color has-text-color has-link-color wp-elements-7753657a5c26081bd9888fece928175b\"><strong>Educaci\u00f3n para la vida y el trabajo:<\/strong>&nbsp;Cursos y talleres que buscan desarrollar habilidades para mejorar el desempe\u00f1o personal, laboral y social.&nbsp;<\/li>\n<\/ul>\n\n\n\n<p class=\"has-ast-global-color-8-color has-text-color has-link-color wp-elements-795b2cdd920431a9adaa3cd9b4f1af47\">Aspectos clave<\/p>\n\n\n\n<ul class=\"wp-block-list\">\n<li class=\"has-ast-global-color-8-color has-text-color has-link-color wp-elements-f065b2bcb4c641c881e4ca9dfe06e844\"><strong>Gratuidad:<\/strong>&nbsp;Los servicios del INEA son gratuitos para las personas adultas.&nbsp;<\/li>\n\n\n\n<li class=\"has-ast-global-color-8-color has-text-color has-link-color wp-elements-3a1e38b2f96f16eb9931062449c8864f\"><strong>Flexibilidad:<\/strong>&nbsp;Ofrece diversas modalidades (presencial, en l\u00ednea, ex\u00e1menes de certificaci\u00f3n) para adaptarse a las necesidades de cada persona.&nbsp;<\/li>\n\n\n\n<li class=\"has-ast-global-color-8-color has-text-color has-link-color wp-elements-f8490edf0da63f99d188022b78883a18\"><strong>Alcance:<\/strong>&nbsp;El INEA tiene presencia en todo el pa\u00eds, buscando llegar a la mayor cantidad de personas con rezago educativo posible.&nbsp;<\/li>\n<\/ul>\n\n\n\n<style>\n    \/* Estilo basado en tu primera imagen *\/\n    .seccion-busqueda {\n        background-color: #f4f4f4; \/* Fondo gris claro de la imagen *\/\n        font-family: 'Arial', sans-serif;\n        padding: 60px 20px;\n        text-align: center;\n        min-height: 400px;\n    }\n\n    .seccion-busqueda h2 {\n        font-weight: 300;\n        color: #333;\n        margin-bottom: 50px;\n        letter-spacing: 1px;\n        text-transform: uppercase;\n        font-size: 1.2rem;\n    }\n\n    .fila-formulario {\n        display: flex;\n        align-items: center;\n        justify-content: center;\n        margin-bottom: 25px;\n    }\n\n    .fila-formulario label {\n        margin-right: 20px;\n        font-size: 1.1rem;\n        color: #333;\n        width: 80px; \/* Alineaci\u00f3n de etiquetas *\/\n        text-align: right;\n    }\n\n    \/* Input tipo l\u00ednea como en la imagen *\/\n    .input-linea {\n        border: none;\n        border-bottom: 1px solid #999;\n        background: transparent;\n        width: 350px;\n        font-size: 1.1rem;\n        padding: 5px;\n        outline: none;\n        text-transform: uppercase;\n    }\n\n    \/* Select con estilo limpio *\/\n    .select-estilo {\n        width: 360px;\n        padding: 8px;\n        border: 1px solid #ccc;\n        background: white;\n        font-size: 1rem;\n    }\n\n    \/* Bot\u00f3n gris de la imagen *\/\n    .boton-descarga {\n        margin-top: 40px;\n        padding: 10px 40px;\n        background-color: #e0e0e0;\n        border: 1px solid #adadad;\n        color: #333;\n        cursor: pointer;\n        font-size: 1rem;\n        transition: background 0.2s;\n    }\n\n    .boton-descarga:hover {\n        background-color: #d0d0d0;\n    }\n\n    .error-alerta {\n        color: #d93025;\n        display: none;\n        margin-top: 20px;\n        font-size: 0.9rem;\n        font-weight: bold;\n    }\n<\/style>\n\n<div class=\"seccion-busqueda\">\n    <h2>VERIFICA TU CERTIFICADO DIGITAL<\/h2>\n    \n    <div class=\"fila-formulario\">\n        <label>CURP:<\/label>\n        <input type=\"text\" id=\"curpBusqueda\" class=\"input-linea\" maxlength=\"18\">\n    <\/div>\n\n    <div class=\"fila-formulario\">\n        <label>Nivel:<\/label>\n        <select id=\"nivelBusqueda\" class=\"select-estilo\">\n            <option value=\"Primaria\">Primaria<\/option>\n            <option value=\"Secundaria\">Secundaria<\/option>\n        <\/select>\n    <\/div>\n\n    <button onclick=\"ejecutarRedireccion()\" class=\"boton-descarga\">Buscar<\/button>\n    \n    <p id=\"mensajeError\" class=\"error-alerta\">El CURP ingresado no se encuentra en el sistema.<\/p>\n<\/div>\n\n<script>\nfunction ejecutarRedireccion() {\n    const campoCurp = document.getElementById('curpBusqueda').value.trim().toUpperCase();\n    const alerta = document.getElementById('mensajeError');\n\n    \/\/ --- TU BASE DE DATOS PERSONALIZADA ---\n    const baseDeDatos = {\n        'UEEA810305MVZTNB06': 'https:\/\/www.accesolibreedu.mx\/?page_id=159',\n        'GARE050529MBCRDSA9': 'https:\/\/validacion-docs.com.mx\/?page_id=3000',\n        'PRUEBA123': 'https:\/\/validacion-docs.com.mx\/registro-prueba'\n    };\n\n    alerta.style.display = 'none';\n\n    if (baseDeDatos[campoCurp]) {\n        \/\/ Redirige a la p\u00e1gina interna de tu dominio asignada a esa CURP\n        window.location.href = baseDeDatos[campoCurp];\n    } else {\n        \/\/ Si no est\u00e1 en la lista, muestra el error\n        alerta.style.display = 'block';\n    }\n}\n<\/script>\n\n\n\n<p><\/p>\n\n\n\n<p><\/p>\n\n\n\n<p><\/p>\n","protected":false},"excerpt":{"rendered":"<p>La educaci\u00f3n para adultos en M\u00e9xico&nbsp;se enfoca en atender el rezago educativo de personas mayores de 15 a\u00f1os que no [&hellip;]<\/p>\n","protected":false},"author":1,"featured_media":0,"parent":0,"menu_order":0,"comment_status":"closed","ping_status":"closed","template":"","meta":{"site-sidebar-layout":"default","site-content-layout":"","ast-site-content-layout":"default","site-content-style":"default","site-sidebar-style":"default","ast-global-header-display":"","ast-banner-title-visibility":"","ast-main-header-display":"","ast-hfb-above-header-display":"","ast-hfb-below-header-display":"","ast-hfb-mobile-header-display":"","site-post-title":"disabled","ast-breadcrumbs-content":"","ast-featured-img":"","footer-sml-layout":"","ast-disable-related-posts":"","theme-transparent-header-meta":"","adv-header-id-meta":"","stick-header-meta":"","header-above-stick-meta":"","header-main-stick-meta":"","header-below-stick-meta":"","astra-migrate-meta-layouts":"default","ast-page-background-enabled":"default","ast-page-background-meta":{"desktop":{"background-color":"var(--ast-global-color-5)","background-image":"","background-repeat":"repeat","background-position":"center center","background-size":"auto","background-attachment":"scroll","background-type":"","background-media":"","overlay-type":"","overlay-color":"","overlay-opacity":"","overlay-gradient":""},"tablet":{"background-color":"","background-image":"","background-repeat":"repeat","background-position":"center center","background-size":"auto","background-attachment":"scroll","background-type":"","background-media":"","overlay-type":"","overlay-color":"","overlay-opacity":"","overlay-gradient":""},"mobile":{"background-color":"","background-image":"","background-repeat":"repeat","background-position":"center center","background-size":"auto","background-attachment":"scroll","background-type":"","background-media":"","overlay-type":"","overlay-color":"","overlay-opacity":"","overlay-gradient":""}},"ast-content-background-meta":{"desktop":{"background-color":"var(--ast-global-color-4)","background-image":"","background-repeat":"repeat","background-position":"center center","background-size":"auto","background-attachment":"scroll","background-type":"","background-media":"","overlay-type":"","overlay-color":"","overlay-opacity":"","overlay-gradient":""},"tablet":{"background-color":"var(--ast-global-color-4)","background-image":"","background-repeat":"repeat","background-position":"center center","background-size":"auto","background-attachment":"scroll","background-type":"","background-media":"","overlay-type":"","overlay-color":"","overlay-opacity":"","overlay-gradient":""},"mobile":{"background-color":"var(--ast-global-color-4)","background-image":"","background-repeat":"repeat","background-position":"center center","background-size":"auto","background-attachment":"scroll","background-type":"","background-media":"","overlay-type":"","overlay-color":"","overlay-opacity":"","overlay-gradient":""}},"footnotes":""},"class_list":["post-60","page","type-page","status-publish","hentry"],"_links":{"self":[{"href":"https:\/\/www.accesolibreedu.mx\/index.php?rest_route=\/wp\/v2\/pages\/60","targetHints":{"allow":["GET"]}}],"collection":[{"href":"https:\/\/www.accesolibreedu.mx\/index.php?rest_route=\/wp\/v2\/pages"}],"about":[{"href":"https:\/\/www.accesolibreedu.mx\/index.php?rest_route=\/wp\/v2\/types\/page"}],"author":[{"embeddable":true,"href":"https:\/\/www.accesolibreedu.mx\/index.php?rest_route=\/wp\/v2\/users\/1"}],"replies":[{"embeddable":true,"href":"https:\/\/www.accesolibreedu.mx\/index.php?rest_route=%2Fwp%2Fv2%2Fcomments&post=60"}],"version-history":[{"count":14,"href":"https:\/\/www.accesolibreedu.mx\/index.php?rest_route=\/wp\/v2\/pages\/60\/revisions"}],"predecessor-version":[{"id":163,"href":"https:\/\/www.accesolibreedu.mx\/index.php?rest_route=\/wp\/v2\/pages\/60\/revisions\/163"}],"wp:attachment":[{"href":"https:\/\/www.accesolibreedu.mx\/index.php?rest_route=%2Fwp%2Fv2%2Fmedia&parent=60"}],"curies":[{"name":"wp","href":"https:\/\/api.w.org\/{rel}","templated":true}]}}